{"id":475,"date":"2023-12-04T10:08:55","date_gmt":"2023-12-04T10:08:55","guid":{"rendered":"https:\/\/e-hub.life-mercury-free.eu\/?page_id=475"},"modified":"2025-10-16T14:54:14","modified_gmt":"2025-10-16T12:54:14","slug":"map","status":"publish","type":"page","link":"https:\/\/e-hub.life-mercury-free.eu\/en\/map\/","title":{"rendered":"MAP"},"content":{"rendered":"\t\t<div data-elementor-type=\"wp-page\" data-elementor-id=\"475\" class=\"elementor elementor-475\">\n\t\t\t\t<div class=\"elementor-element elementor-element-5d2b559 e-flex e-con-boxed e-con e-parent\" data-id=\"5d2b559\" data-element_type=\"container\" data-e-type=\"container\" data-settings=\"{&quot;background_background&quot;:&quot;classic&quot;}\">\n\t\t\t\t\t<div class=\"e-con-inner\">\n\t\t\t\t<div class=\"elementor-element elementor-element-898694d elementor-widget elementor-widget-sidebar\" data-id=\"898694d\" data-element_type=\"widget\" data-e-type=\"widget\" id=\"sideMap\" data-widget_type=\"sidebar.default\">\n\t\t\t\t<div class=\"elementor-widget-container\">\n\t\t\t\t\t<select class=\"wpm-language-switcher wpm-switcher-select\" onchange=\"location = this.value;\" title=\"Language Switcher\">\r\n\t\t\t<option value=\"https:\/\/e-hub.life-mercury-free.eu\/en\/wp-json\/wp\/v2\/pages\/475\" selected=\"selected\">\r\n\t\t\tEnglish\t\t<\/option>\r\n\t\t\t<option value=\"https:\/\/e-hub.life-mercury-free.eu\/pl\/wp-json\/wp\/v2\/pages\/475\">\r\n\t\t\tPolski\t\t<\/option>\r\n\t\t\t<option value=\"https:\/\/e-hub.life-mercury-free.eu\/uk\/wp-json\/wp\/v2\/pages\/475\">\r\n\t\t\t\u0423\u043a\u0440\u0430\u0457\u043d\u0441\u044c\u043a\u0430\t\t<\/option>\r\n\t\t\t<option value=\"https:\/\/e-hub.life-mercury-free.eu\/it\/wp-json\/wp\/v2\/pages\/475\">\r\n\t\t\tItalian\t\t<\/option>\r\n\t\t\t<option value=\"https:\/\/e-hub.life-mercury-free.eu\/pt\/wp-json\/wp\/v2\/pages\/475\">\r\n\t\t\tPortuguese\t\t<\/option>\r\n\t\t\t<option value=\"https:\/\/e-hub.life-mercury-free.eu\/gr\/wp-json\/wp\/v2\/pages\/475\">\r\n\t\t\t\u0395\u03bb\u03bb\u03b7\u03bd\u03b9\u03ba\u03b1\t\t<\/option>\r\n\t<\/select>\r\n\t\t\t\t\t\t\t\t\t\t\t\t\t\t\t\t<a  data-slug=\"research\" href=\"https:\/\/e-hub.life-mercury-free.eu\/en\/research\/\">\n\t\t\t\t\t\t\t\t\t\t\t\t\t\t\t\t\t\t\t\t\t<span class=\"item-name\">RESEARCH<\/span>\n\t\t\t\t\t\t\t\t\t\t\t\t\t\t\t\t\t\t\t<\/a>\n\t\t\t\t\t\t\t\t\t\t\t\t\t\t\t\t\t\t\t\t\t\t\t<a  class=\"no-ajax\" href=\"https:\/\/e-hub.life-mercury-free.eu\/en\/community\/\">\n\t\t\t\t\t\t\t\t\t\t\t\t\t\t\t\t\t\t\t\t\t<span class=\"item-name\">FORUM<\/span>\n\t\t\t\t\t\t\t\t\t\t\t\t\t\t\t\t\t\t\t<\/a>\n\t\t\t\t\t\t\t\t\t\t\t\t\t\t\t\t\t\t\t\t\t\t\t<a  data-slug=\"news\" href=\"https:\/\/e-hub.life-mercury-free.eu\/en\/news\/\">\n\t\t\t\t\t\t\t\t\t\t\t\t\t\t\t\t\t\t\t\t\t<span class=\"item-name\">NEWS<\/span>\n\t\t\t\t\t\t\t\t\t\t\t\t\t\t\t\t\t\t\t<\/a>\n\t\t\t\t\t\t\t\t\t\t\t\t\t<a class=\"no-ajax\" href=\"https:\/\/e-hub.life-mercury-free.eu\/index.php\/map\/\" >\n\t\t\t\t\t\t\t<span class=\"item-name\">MAP<\/span>\n\t\t\t\t\t\t<\/a>\n\t\t\t\t\t\t\t\t\t\t\t\t\t\t\t\t\t\t\t\t\t<a  class=\"no-ajax\" href=\"https:\/\/e-hub.life-mercury-free.eu\/en\/library\/\">\n\t\t\t\t\t\t\t\t\t\t\t\t\t\t\t\t\t\t\t\t\t<span class=\"item-name\">LIBRARY<\/span>\n\t\t\t\t\t\t\t\t\t\t\t\t\t\t\t\t\t\t\t<\/a>\n\t\t\t\t\t\t\t\t\t\t\t\t\t<a class=\"no-ajax\" href=\"https:\/\/life-mercury-free.eu\/\" >\n\t\t\t\t\t\t\t<span class=\"item-name\">Website<\/span>\n\t\t\t\t\t\t<\/a>\n\t\t\t\t\t\t\t\t\t\t\t<a class=\"no-ajax\" href=\"https:\/\/platform.life-mercury-free.eu\/\" >\n\t\t\t\t\t\t\t<span class=\"item-name\">PLATFORM<\/span>\n\t\t\t\t\t\t<\/a>\n\t\t\t\t\t\t\t\t\t<\/div>\n\t\t\t\t<\/div>\n\t\t\t\t\t<\/div>\n\t\t\t\t<\/div>\n\t\t<div class=\"elementor-element elementor-element-cf6b7f8 e-con-full e-flex e-con e-parent\" data-id=\"cf6b7f8\" data-element_type=\"container\" data-e-type=\"container\" data-settings=\"{&quot;background_background&quot;:&quot;classic&quot;}\">\n\t\t<div class=\"elementor-element elementor-element-1dcc347 e-con-full e-flex e-con e-child\" data-id=\"1dcc347\" data-element_type=\"container\" data-e-type=\"container\" data-settings=\"{&quot;background_background&quot;:&quot;classic&quot;}\">\n\t\t\t\t<div class=\"elementor-element elementor-element-db1bd02 elementor-icon-list--layout-traditional elementor-list-item-link-full_width elementor-widget elementor-widget-icon-list\" data-id=\"db1bd02\" data-element_type=\"widget\" data-e-type=\"widget\" data-widget_type=\"icon-list.default\">\n\t\t\t\t<div class=\"elementor-widget-container\">\n\t\t\t\t\t\t\t<ul class=\"elementor-icon-list-items\">\n\t\t\t\t\t\t\t<li class=\"elementor-icon-list-item\">\n\t\t\t\t\t\t\t\t\t\t\t<a href=\"https:\/\/minamataconvention.org\/en\" target=\"_blank\">\n\n\t\t\t\t\t\t\t\t\t\t\t<span class=\"elementor-icon-list-text\">Minamata Convention<\/span>\n\t\t\t\t\t\t\t\t\t\t\t<\/a>\n\t\t\t\t\t\t\t\t\t<\/li>\n\t\t\t\t\t\t\t\t<li class=\"elementor-icon-list-item\">\n\t\t\t\t\t\t\t\t\t\t\t<a href=\"https:\/\/www.eea.europa.eu\/el\/articles\/ydrargyros-diarkis-apeili-gia-to\" target=\"_blank\">\n\n\t\t\t\t\t\t\t\t\t\t\t<span class=\"elementor-icon-list-text\">\u03a5\u03b4\u03c1\u03ac\u03c1\u03b3\u03c5\u03c1\u03bf\u03c2: \u0391\u03c0\u03b5\u03b9\u03bb\u03ae \u03b3\u03b9\u03b1 \u03c4\u03bf \u03c0\u03b5\u03c1\u03b9\u03b2\u03ac\u03bb\u03bb\u03bf\u03bd<\/span>\n\t\t\t\t\t\t\t\t\t\t\t<\/a>\n\t\t\t\t\t\t\t\t\t<\/li>\n\t\t\t\t\t\t\t\t<li class=\"elementor-icon-list-item\">\n\t\t\t\t\t\t\t\t\t\t\t<a href=\"https:\/\/www.era-comm.eu\/Introduction_EU_Environmental_Law\/EL\/module_8\/part_4\/index.html\" target=\"_blank\">\n\n\t\t\t\t\t\t\t\t\t\t\t<span class=\"elementor-icon-list-text\">\u039d\u03bf\u03bc\u03b9\u03ba\u03cc \u03c0\u03bb\u03b1\u03af\u03c3\u03b9\u03bf \u03b3\u03b9\u03b1 \u03c4\u03b9\u03c2 \u03b2\u03b9\u03bf\u03bc\u03b7\u03c7\u03b1\u03bd\u03b9\u03ba\u03ad\u03c2 \u03b5\u03ba\u03c0\u03bf\u03bc\u03c0\u03ad\u03c2<\/span>\n\t\t\t\t\t\t\t\t\t\t\t<\/a>\n\t\t\t\t\t\t\t\t\t<\/li>\n\t\t\t\t\t\t\t\t<li class=\"elementor-icon-list-item\">\n\t\t\t\t\t\t\t\t\t\t\t<a href=\"https:\/\/www.eea.europa.eu\/pl\/articles\/rtec-ciagle-zagrozenie-dla-srodowiska\" target=\"_blank\">\n\n\t\t\t\t\t\t\t\t\t\t\t<span class=\"elementor-icon-list-text\">Rt\u0119\u0107: ci\u0105g\u0142e zagro\u017cenie dla \u015brodowiska i zdrowia ludzi<\/span>\n\t\t\t\t\t\t\t\t\t\t\t<\/a>\n\t\t\t\t\t\t\t\t\t<\/li>\n\t\t\t\t\t\t\t\t<li class=\"elementor-icon-list-item\">\n\t\t\t\t\t\t\t\t\t\t\t<a href=\"https:\/\/mostwiedzy.pl\/pl\/publication\/rtec-w-organizmach-zywych-zrodla-i-formy-wystepowania-bioakumulacja-metody-oznaczania,152925-1\" target=\"_blank\">\n\n\t\t\t\t\t\t\t\t\t\t\t<span class=\"elementor-icon-list-text\">Rt\u0119\u0107 w organizmach \u017cywych \u2013 \u017ar\u00f3d\u0142a, bioakumulacja, metody oznaczania<\/span>\n\t\t\t\t\t\t\t\t\t\t\t<\/a>\n\t\t\t\t\t\t\t\t\t<\/li>\n\t\t\t\t\t\t\t\t<li class=\"elementor-icon-list-item\">\n\t\t\t\t\t\t\t\t\t\t\t<a href=\"https:\/\/vitalea.pl\/blog\/rtec-skad-sie-bierze-oraz-jaki-ma-wplyw-na-organizm\/\" target=\"_blank\">\n\n\t\t\t\t\t\t\t\t\t\t\t<span class=\"elementor-icon-list-text\">Rt\u0119\u0107 \u2013 sk\u0105d si\u0119 bierze oraz jaki ma wp\u0142yw na organizm?<\/span>\n\t\t\t\t\t\t\t\t\t\t\t<\/a>\n\t\t\t\t\t\t\t\t\t<\/li>\n\t\t\t\t\t\t\t\t<li class=\"elementor-icon-list-item\">\n\t\t\t\t\t\t\t\t\t\t\t<a href=\"https:\/\/apambiente.pt\/\" target=\"_blank\">\n\n\t\t\t\t\t\t\t\t\t\t\t<span class=\"elementor-icon-list-text\">Ag\u00eancia Portuguesa do Ambiente<\/span>\n\t\t\t\t\t\t\t\t\t\t\t<\/a>\n\t\t\t\t\t\t\t\t\t<\/li>\n\t\t\t\t\t\t\t\t<li class=\"elementor-icon-list-item\">\n\t\t\t\t\t\t\t\t\t\t\t<a href=\"https:\/\/electrao.pt\/\" target=\"_blank\">\n\n\t\t\t\t\t\t\t\t\t\t\t<span class=\"elementor-icon-list-text\">Electr\u00e3o<\/span>\n\t\t\t\t\t\t\t\t\t\t\t<\/a>\n\t\t\t\t\t\t\t\t\t<\/li>\n\t\t\t\t\t\t\t\t<li class=\"elementor-icon-list-item\">\n\t\t\t\t\t\t\t\t\t\t\t<a href=\"https:\/\/ondereciclar.pt\/\" target=\"_blank\">\n\n\t\t\t\t\t\t\t\t\t\t\t<span class=\"elementor-icon-list-text\">Onde Reciclar<\/span>\n\t\t\t\t\t\t\t\t\t\t\t<\/a>\n\t\t\t\t\t\t\t\t\t<\/li>\n\t\t\t\t\t\t\t\t<li class=\"elementor-icon-list-item\">\n\t\t\t\t\t\t\t\t\t\t\t<a href=\"https:\/\/apambiente.pt\/ar-e-ruido\/metais-pesados\" target=\"_blank\">\n\n\t\t\t\t\t\t\t\t\t\t\t<span class=\"elementor-icon-list-text\">Ag\u00eancia Portuguesa do Ambiente- Metais Pesados<\/span>\n\t\t\t\t\t\t\t\t\t\t\t<\/a>\n\t\t\t\t\t\t\t\t\t<\/li>\n\t\t\t\t\t\t\t\t<li class=\"elementor-icon-list-item\">\n\t\t\t\t\t\t\t\t\t\t\t<a href=\"https:\/\/www.mase.gov.it\/portale\/home\" target=\"_blank\">\n\n\t\t\t\t\t\t\t\t\t\t\t<span class=\"elementor-icon-list-text\">Ministero dell'Ambiente e della Sicurezza Energetica<\/span>\n\t\t\t\t\t\t\t\t\t\t\t<\/a>\n\t\t\t\t\t\t\t\t\t<\/li>\n\t\t\t\t\t\t\t\t<li class=\"elementor-icon-list-item\">\n\t\t\t\t\t\t\t\t\t\t\t<a href=\"https:\/\/www.arpa.marche.it\/\" target=\"_blank\">\n\n\t\t\t\t\t\t\t\t\t\t\t<span class=\"elementor-icon-list-text\">Agenzia Regionale per la Protezione Ambientale delle Marche<\/span>\n\t\t\t\t\t\t\t\t\t\t\t<\/a>\n\t\t\t\t\t\t\t\t\t<\/li>\n\t\t\t\t\t\t\t\t<li class=\"elementor-icon-list-item\">\n\t\t\t\t\t\t\t\t\t\t\t<a href=\"https:\/\/www.cosmarimc.it\/\" target=\"_blank\">\n\n\t\t\t\t\t\t\t\t\t\t\t<span class=\"elementor-icon-list-text\">Consorzio Obbligatorio Smaltimento Rifiuti<\/span>\n\t\t\t\t\t\t\t\t\t\t\t<\/a>\n\t\t\t\t\t\t\t\t\t<\/li>\n\t\t\t\t\t\t<\/ul>\n\t\t\t\t\t\t<\/div>\n\t\t\t\t<\/div>\n\t\t\t\t<\/div>\n\t\t<div class=\"elementor-element elementor-element-8553f81 e-con-full e-flex e-con e-child\" data-id=\"8553f81\" data-element_type=\"container\" data-e-type=\"container\" data-settings=\"{&quot;background_background&quot;:&quot;classic&quot;}\">\n\t\t\t\t<div class=\"elementor-element elementor-element-e829523 elementor-widget elementor-widget-shortcode\" data-id=\"e829523\" data-element_type=\"widget\" data-e-type=\"widget\" data-widget_type=\"shortcode.default\">\n\t\t\t\t<div class=\"elementor-widget-container\">\n\t\t\t\t\t\t\t<div class=\"elementor-shortcode\"><div id=\"mapplic-id1968\" data-mapdata=\"{&quot;mapwidth&quot;:&quot;841.68&quot;,&quot;mapheight&quot;:&quot;595.2&quot;,&quot;action&quot;:&quot;tooltip&quot;,&quot;maxscale&quot;:&quot;4&quot;,&quot;basecolor&quot;:&quot;#32620e&quot;,&quot;bgcolor&quot;:&quot;#cccccc&quot;,&quot;bgcolor2&quot;:&quot;#3f6014&quot;,&quot;textcolor&quot;:&quot;#222021&quot;,&quot;fullscreen&quot;:true,&quot;hovertip&quot;:true,&quot;hovertipdesc&quot;:false,&quot;smartip&quot;:true,&quot;deeplinking&quot;:true,&quot;linknewtab&quot;:false,&quot;minimap&quot;:false,&quot;animations&quot;:true,&quot;zoom&quot;:true,&quot;zoombuttons&quot;:true,&quot;clearbutton&quot;:true,&quot;zoomoutclose&quot;:false,&quot;closezoomout&quot;:false,&quot;mousewheel&quot;:true,&quot;mapfill&quot;:true,&quot;sidebar&quot;:true,&quot;search&quot;:false,&quot;searchdescription&quot;:false,&quot;alphabetic&quot;:true,&quot;thumbholder&quot;:false,&quot;sidebartoggle&quot;:false,&quot;filtersopened&quot;:false,&quot;highlight&quot;:true,&quot;customcss&quot;:&quot;&quot;,&quot;levels&quot;:[{&quot;id&quot;:&quot;europe&quot;,&quot;title&quot;:&quot;Europe&quot;,&quot;map&quot;:&quot;\\\/\\\/e-hub.life-mercury-free.eu\\\/wp-content\\\/plugins\\\/mapplic\\\/maps\\\/europe.svg&quot;,&quot;minimap&quot;:&quot;&quot;}],&quot;styles&quot;:[{&quot;base&quot;:{&quot;fill&quot;:&quot;rgba(135,179,141,0.5)&quot;},&quot;hover&quot;:{&quot;fill&quot;:&quot;#87b38d&quot;},&quot;active&quot;:{&quot;fill&quot;:&quot;#87b38d&quot;},&quot;class&quot;:&quot;Ukraine&quot;},{&quot;base&quot;:{&quot;fill&quot;:&quot;rgba(141,107,148,0.5)&quot;},&quot;hover&quot;:{&quot;fill&quot;:&quot;#8d6b94&quot;},&quot;active&quot;:{&quot;fill&quot;:&quot;#8d6b94&quot;},&quot;class&quot;:&quot;Poland&quot;},{&quot;base&quot;:{&quot;fill&quot;:&quot;rgba(255,200,87,0.5)&quot;},&quot;hover&quot;:{&quot;fill&quot;:&quot;#ffc857&quot;},&quot;active&quot;:{&quot;fill&quot;:&quot;#ffc857&quot;},&quot;class&quot;:&quot;Italy&quot;},{&quot;base&quot;:{&quot;fill&quot;:&quot;rgba(242,76,0,0.5)&quot;},&quot;hover&quot;:{&quot;fill&quot;:&quot;#f24c00&quot;},&quot;active&quot;:{&quot;fill&quot;:&quot;#f24c00&quot;},&quot;class&quot;:&quot;Portugal&quot;},{&quot;base&quot;:{&quot;fill&quot;:&quot;rgba(86,136,199,0.5)&quot;},&quot;hover&quot;:{&quot;fill&quot;:&quot;#5688c7&quot;},&quot;active&quot;:{&quot;fill&quot;:&quot;#5688c7&quot;},&quot;class&quot;:&quot;Greece&quot;}],&quot;categories&quot;:[],&quot;locations&quot;:[{&quot;title&quot;:&quot;Greece&quot;,&quot;id&quot;:&quot;gr&quot;,&quot;pin&quot;:&quot;pin-rounded pin-triangle pin-label&quot;,&quot;action&quot;:&quot;lightbox&quot;,&quot;x&quot;:&quot;0.6421&quot;,&quot;y&quot;:&quot;0.8515&quot;,&quot;level&quot;:&quot;europe&quot;,&quot;color&quot;:&quot;#60b709&quot;,&quot;style&quot;:&quot;Greece&quot;,&quot;description&quot;:&quot;This text is an example for content!&quot;},{&quot;title&quot;:&quot;Poland&quot;,&quot;id&quot;:&quot;pl&quot;,&quot;pin&quot;:&quot;pin-rounded pin-triangle pin-label&quot;,&quot;action&quot;:&quot;lightbox&quot;,&quot;x&quot;:&quot;0.6148&quot;,&quot;y&quot;:&quot;0.5832&quot;,&quot;level&quot;:&quot;europe&quot;,&quot;color&quot;:&quot;#afafaf&quot;,&quot;style&quot;:&quot;Poland&quot;,&quot;fill&quot;:&quot;#afafaf&quot;,&quot;about&quot;:&quot;1 Project&quot;,&quot;description&quot;:&quot;This text is an example for content!&quot;},{&quot;title&quot;:&quot;Italy&quot;,&quot;id&quot;:&quot;it&quot;,&quot;pin&quot;:&quot;pin-rounded pin-triangle pin-label&quot;,&quot;action&quot;:&quot;lightbox&quot;,&quot;x&quot;:&quot;0.5420&quot;,&quot;y&quot;:&quot;0.7730&quot;,&quot;level&quot;:&quot;europe&quot;,&quot;color&quot;:&quot;#60b709&quot;,&quot;style&quot;:&quot;Italy&quot;,&quot;description&quot;:&quot;This text is an example for content!&quot;},{&quot;title&quot;:&quot;Portugal&quot;,&quot;id&quot;:&quot;pt&quot;,&quot;pin&quot;:&quot;pin-rounded pin-triangle pin-label&quot;,&quot;action&quot;:&quot;lightbox&quot;,&quot;x&quot;:&quot;0.3682&quot;,&quot;y&quot;:&quot;0.8087&quot;,&quot;level&quot;:&quot;europe&quot;,&quot;color&quot;:&quot;#60b709&quot;,&quot;style&quot;:&quot;Portugal&quot;,&quot;description&quot;:&quot;This text is an example for content!&quot;},{&quot;title&quot;:&quot;Ukraine&quot;,&quot;id&quot;:&quot;ua&quot;,&quot;pin&quot;:&quot;pin-rounded pin-triangle pin-label&quot;,&quot;action&quot;:&quot;lightbox&quot;,&quot;x&quot;:&quot;0.7163&quot;,&quot;y&quot;:&quot;0.6465&quot;,&quot;level&quot;:&quot;europe&quot;,&quot;color&quot;:&quot;#60b709&quot;,&quot;style&quot;:&quot;Ukraine&quot;,&quot;description&quot;:&quot;This text is an example for content!&quot;,&quot;about&quot;:&quot;3 Projects&quot;}]}\"><\/div><\/div>\n\t\t\t\t\t\t<\/div>\n\t\t\t\t<\/div>\n\t\t\t\t<\/div>\n\t\t\t\t<\/div>\n\t\t<div class=\"elementor-element elementor-element-e667b75 e-flex e-con-boxed e-con e-parent\" data-id=\"e667b75\" data-element_type=\"container\" data-e-type=\"container\" data-settings=\"{&quot;background_background&quot;:&quot;classic&quot;}\">\n\t\t\t\t\t<div class=\"e-con-inner\">\n\t\t\t\t<div class=\"elementor-element elementor-element-1d783a0 elementor-widget elementor-widget-text-editor\" data-id=\"1d783a0\" data-element_type=\"widget\" data-e-type=\"widget\" data-widget_type=\"text-editor.default\">\n\t\t\t\t<div class=\"elementor-widget-container\">\n\t\t\t\t\t\t\t\t\tCo-funded by the European Union. Views and opinions expressed are however those of the author(s) only and do not necessarily reflect those of the European Union or CINEA. Neither the European Union nor the granting authority can be held responsible for them. 101074412\t\t\t\t\t\t\t\t<\/div>\n\t\t\t\t<\/div>\n\t\t\t\t<div class=\"elementor-element elementor-element-1fc24fc elementor-pagination-position-outside elementor-widget elementor-widget-image-carousel\" data-id=\"1fc24fc\" data-element_type=\"widget\" data-e-type=\"widget\" data-settings=\"{&quot;slides_to_show&quot;:&quot;8&quot;,&quot;slides_to_show_tablet&quot;:&quot;8&quot;,&quot;slides_to_show_mobile&quot;:&quot;8&quot;,&quot;navigation&quot;:&quot;dots&quot;,&quot;lazyload&quot;:&quot;yes&quot;,&quot;speed&quot;:500}\" data-widget_type=\"image-carousel.default\">\n\t\t\t\t<div class=\"elementor-widget-container\">\n\t\t\t\t\t\t\t<div class=\"elementor-image-carousel-wrapper swiper\" role=\"region\" aria-roledescription=\"carousel\" aria-label=\"Image Carousel\" dir=\"ltr\">\n\t\t\t<div class=\"elementor-image-carousel swiper-wrapper\" aria-live=\"polite\">\n\t\t\t\t\t\t\t\t<div class=\"swiper-slide\" role=\"group\" aria-roledescription=\"slide\" aria-label=\"1 of 8\"><figure class=\"swiper-slide-inner\"><img class=\"swiper-slide-image swiper-lazy\" data-src=\"https:\/\/e-hub.life-mercury-free.eu\/wp-content\/uploads\/2023\/12\/18-2-150x40.png\" alt=\"18 (2)\" \/><div class=\"swiper-lazy-preloader\"><\/div><\/figure><\/div><div class=\"swiper-slide\" role=\"group\" aria-roledescription=\"slide\" aria-label=\"2 of 8\"><figure class=\"swiper-slide-inner\"><img class=\"swiper-slide-image swiper-lazy\" data-src=\"https:\/\/e-hub.life-mercury-free.eu\/wp-content\/uploads\/2023\/12\/Untitled-1.png\" alt=\"Untitled-1\" \/><div class=\"swiper-lazy-preloader\"><\/div><\/figure><\/div><div class=\"swiper-slide\" role=\"group\" aria-roledescription=\"slide\" aria-label=\"3 of 8\"><figure class=\"swiper-slide-inner\"><img class=\"swiper-slide-image swiper-lazy\" data-src=\"https:\/\/e-hub.life-mercury-free.eu\/wp-content\/uploads\/2023\/12\/New-Project-1-2.png\" alt=\"New Project (1)\" \/><div class=\"swiper-lazy-preloader\"><\/div><\/figure><\/div><div class=\"swiper-slide\" role=\"group\" aria-roledescription=\"slide\" aria-label=\"4 of 8\"><figure class=\"swiper-slide-inner\"><img class=\"swiper-slide-image swiper-lazy\" data-src=\"https:\/\/e-hub.life-mercury-free.eu\/wp-content\/uploads\/2023\/12\/15-1.png\" alt=\"15 (1)\" \/><div class=\"swiper-lazy-preloader\"><\/div><\/figure><\/div><div class=\"swiper-slide\" role=\"group\" aria-roledescription=\"slide\" aria-label=\"5 of 8\"><figure class=\"swiper-slide-inner\"><img class=\"swiper-slide-image swiper-lazy\" data-src=\"https:\/\/e-hub.life-mercury-free.eu\/wp-content\/uploads\/2023\/12\/16-1.png\" alt=\"16 (1)\" \/><div class=\"swiper-lazy-preloader\"><\/div><\/figure><\/div><div class=\"swiper-slide\" role=\"group\" aria-roledescription=\"slide\" aria-label=\"6 of 8\"><figure class=\"swiper-slide-inner\"><img class=\"swiper-slide-image swiper-lazy\" data-src=\"https:\/\/e-hub.life-mercury-free.eu\/wp-content\/uploads\/2023\/12\/12-2.png\" alt=\"12 (2)\" \/><div class=\"swiper-lazy-preloader\"><\/div><\/figure><\/div><div class=\"swiper-slide\" role=\"group\" aria-roledescription=\"slide\" aria-label=\"7 of 8\"><figure class=\"swiper-slide-inner\"><img class=\"swiper-slide-image swiper-lazy\" data-src=\"https:\/\/e-hub.life-mercury-free.eu\/wp-content\/uploads\/2023\/12\/13-2.png\" alt=\"13 (2)\" \/><div class=\"swiper-lazy-preloader\"><\/div><\/figure><\/div><div class=\"swiper-slide\" role=\"group\" aria-roledescription=\"slide\" aria-label=\"8 of 8\"><figure class=\"swiper-slide-inner\"><img class=\"swiper-slide-image swiper-lazy\" data-src=\"https:\/\/e-hub.life-mercury-free.eu\/wp-content\/uploads\/2023\/12\/14-1.png\" alt=\"14 (1)\" \/><div class=\"swiper-lazy-preloader\"><\/div><\/figure><\/div>\t\t\t<\/div>\n\t\t\t\t\t\t\t\n\t\t\t\t\t\t\t\t\t<div class=\"swiper-pagination\"><\/div>\n\t\t\t\t\t\t\t\t\t<\/div>\n\t\t\t\t\t\t<\/div>\n\t\t\t\t<\/div>\n\t\t\t\t\t<\/div>\n\t\t\t\t<\/div>\n\t\t\t\t<\/div>\n\t\t","protected":false},"excerpt":{"rendered":"<p>Minamata Convention \u03a5\u03b4\u03c1\u03ac\u03c1\u03b3\u03c5\u03c1\u03bf\u03c2: \u0391\u03c0\u03b5\u03b9\u03bb\u03ae \u03b3\u03b9\u03b1 \u03c4\u03bf \u03c0\u03b5\u03c1\u03b9\u03b2\u03ac\u03bb\u03bb\u03bf\u03bd \u039d\u03bf\u03bc\u03b9\u03ba\u03cc \u03c0\u03bb\u03b1\u03af\u03c3\u03b9\u03bf \u03b3\u03b9\u03b1 \u03c4\u03b9\u03c2 \u03b2\u03b9\u03bf\u03bc\u03b7\u03c7\u03b1\u03bd\u03b9\u03ba\u03ad\u03c2 \u03b5\u03ba\u03c0\u03bf\u03bc\u03c0\u03ad\u03c2 Rt\u0119\u0107: ci\u0105g\u0142e zagro\u017cenie dla \u015brodowiska i zdrowia ludzi Rt\u0119\u0107 w organizmach \u017cywych \u2013 \u017ar\u00f3d\u0142a, bioakumulacja, metody oznaczania Rt\u0119\u0107 \u2013 sk\u0105d si\u0119 bierze oraz jaki ma wp\u0142yw na organizm? Ag\u00eancia Portuguesa do Ambiente Electr\u00e3o Onde Reciclar Ag\u00eancia Portuguesa do Ambiente- Metais Pesados Ministero&#8230; <\/p>\n<p class=\"more\"><a class=\"more-link\" href=\"https:\/\/e-hub.life-mercury-free.eu\/en\/library\/\">Read More<\/a><\/p>\n","protected":false},"author":1,"featured_media":0,"parent":0,"menu_order":0,"comment_status":"closed","ping_status":"closed","template":"","meta":{"inline_featured_image":false,"footnotes":""},"class_list":["post-475","page","type-page","status-publish","hentry"],"_links":{"self":[{"href":"https:\/\/e-hub.life-mercury-free.eu\/en\/wp-json\/wp\/v2\/pages\/475","targetHints":{"allow":["GET"]}}],"collection":[{"href":"https:\/\/e-hub.life-mercury-free.eu\/en\/wp-json\/wp\/v2\/pages"}],"about":[{"href":"https:\/\/e-hub.life-mercury-free.eu\/en\/wp-json\/wp\/v2\/types\/page"}],"author":[{"embeddable":true,"href":"https:\/\/e-hub.life-mercury-free.eu\/en\/wp-json\/wp\/v2\/users\/1"}],"replies":[{"embeddable":true,"href":"https:\/\/e-hub.life-mercury-free.eu\/en\/wp-json\/wp\/v2\/comments?post=475"}],"version-history":[{"count":120,"href":"https:\/\/e-hub.life-mercury-free.eu\/en\/wp-json\/wp\/v2\/pages\/475\/revisions"}],"predecessor-version":[{"id":12059,"href":"https:\/\/e-hub.life-mercury-free.eu\/en\/wp-json\/wp\/v2\/pages\/475\/revisions\/12059"}],"wp:attachment":[{"href":"https:\/\/e-hub.life-mercury-free.eu\/en\/wp-json\/wp\/v2\/media?parent=475"}],"curies":[{"name":"wp","href":"https:\/\/api.w.org\/{rel}","templated":true}]}}