{"id":1517,"date":"2024-05-16T10:48:40","date_gmt":"2024-05-16T08:48:40","guid":{"rendered":"https:\/\/e-hub.life-mercury-free.eu\/uk\/?page_id=1517"},"modified":"2025-12-16T20:23:14","modified_gmt":"2025-12-16T18:23:14","slug":"library","status":"publish","type":"page","link":"https:\/\/e-hub.life-mercury-free.eu\/pl\/library\/","title":{"rendered":"LIBRARY En"},"content":{"rendered":"\n<h2 class=\"wp-block-heading has-text-align-center\">Okr\u0105g\u0142y st\u00f3\u0142 \u201eZr\u00f3wnowa\u017cone praktyki i \u015brodki zapobiegaj\u0105ce zanieczyszczeniu sk\u0142adowisk odpadami zawieraj\u0105cymi rt\u0119\u0107\u201d w ramach projektu LIFE Mercury-FREE<\/h2>\n\n\n\n<p class=\"has-text-align-left\">Okr\u0105g\u0142y st\u00f3\u0142 \u201eZr\u00f3wnowa\u017cone praktyki i \u015brodki zapobiegaj\u0105ce zanieczyszczeniu sk\u0142adowisk odpadami zawieraj\u0105cymi rt\u0119\u0107\u201d by\u0142 cz\u0119\u015bci\u0105 aktywnej fazy wsp\u00f3lnego tworzenia mapy drogowej w ramach projektu LIFE Mercury-FREE \u201eKompleksowe podnoszenie \u015bwiadomo\u015bci i zmiana zachowa\u0144 na rzecz \u015brodowiska miejskiego wolnego od rt\u0119ci\u201d i odby\u0142 si\u0119 w dniach 21-22 wrze\u015bnia 2023 r. na Politechnice Lwowskiej. Wydarzenie to zorganizowali partnerzy projektu Life Mercury-FREE z Politechniki Lwowskiej (LPNU) i \u201eIwano-Frankowskiej Akademii Iwana Zo\u0142otoustego\u201d (IFA).<\/p>\n\n\n\n<p class=\"has-text-align-left\">Przedstawiciele r\u00f3\u017cnych organizacji podzielili si\u0119 swoj\u0105 opini\u0105 na temat problemu zanieczyszczenia \u015brodowiska rt\u0119ci\u0105 i produktami zawieraj\u0105cymi rt\u0119\u0107.<\/p>\n\n\n\n<p class=\"has-text-align-left\">Prelegenci:<\/p>\n\n\n\n<p class=\"has-text-align-left\">Oksana Viityk, Department of Ecology and Natural Resources of the Lviv Regional Military Administration;<\/p>\n\n\n\n<p class=\"has-text-align-left\">Vasyl Stryshchak, State Ecological Inspection in Lviv region;<\/p>\n\n\n\n<p class=\"has-text-align-left\">Andrii Rohulia, Educational and Methodological Center of Civil Protection and Life Safety of Lviv region;<\/p>\n\n\n\n<p class=\"has-text-align-left\">Roman Zaviyskyy, \u201cIvano-Frankivsk Academy of Ivan Zolotousty\u201d;<\/p>\n\n\n\n<p class=\"has-text-align-left\">Dmytro Fedasyuk, Lviv Polytechnic National University;<\/p>\n\n\n\n<p class=\"has-text-align-left\">Representative of the Department of Ecology and Natural Resources of the Lviv City Council;<\/p>\n\n\n\n<p class=\"has-text-align-left\">Mykhailo Didyk, Department of Emergency Situations, Civil Protection and Territorial Defense of the Lviv City Council.<\/p>\n\n\n\n<div style=\"height:100px\" aria-hidden=\"true\" class=\"wp-block-spacer\"><\/div>\n\n\n\n<figure class=\"wp-block-video aligncenter\"><video controls poster=\"https:\/\/e-hub.life-mercury-free.eu\/wp-content\/uploads\/2024\/07\/image-3.png\" src=\"https:\/\/e-hub.life-mercury-free.eu\/wp-content\/uploads\/2024\/05\/Round_table_eng.mp4\" playsinline><\/video><\/figure>\n\n\n\n<div style=\"height:160px\" aria-hidden=\"true\" class=\"wp-block-spacer\"><\/div>\n\n\n\n<h2 class=\"wp-block-heading has-text-align-center\">Lista LIFE artyku\u0142\u00f3w gospodarstwa domowego<\/h2>\n\n\n\n<p class=\"has-text-align-center\">Niniejszy dokument zawiera kompleksowy przegl\u0105d artyku\u0142\u00f3w gospodarstwa domowego zawieraj\u0105cych rt\u0119\u0107, szczeg\u00f3\u0142owo opisuj\u0105c potencjalne zagro\u017cenia, jakie stwarzaj\u0105. Podkre\u015bla r\u00f3wnie\u017c konkretne praktyki i przepisy w Europie, ze szczeg\u00f3lnym uwzgl\u0119dnieniem inicjatyw podj\u0119tych przez Portugali\u0119, Ukrain\u0119, W\u0142ochy i Polsk\u0119.<\/p>\n\n\n<div class=\"df-element df-lite\"  data-slug=\"1-life-list-of-household-items-pl\" data-_slug=\"1-life-list-of-household-items-pl\" data-title=\"1-life-list-of-household-items-pl\" id=\"df_1825\" data-option=\"df_option_1825\" ><\/div><script class=\"df-shortcode-script\" type=\"application\/javascript\">window.df_option_1825 = {\"source\":\"https:\\\/\\\/e-hub.life-mercury-free.eu\\\/wp-content\\\/uploads\\\/2025\\\/01\\\/LIFE-list-of-household-items_PL.pdf\",\"viewerType\":\"flipbook\",\"is3D\":true,\"height\":\"800\",\"backgroundImage\":\"https:\\\/\\\/e-hub.life-mercury-free.eu\\\/wp-content\\\/uploads\\\/2024\\\/07\\\/image-2.png\",\"showDownloadControl\":false,\"enableSound\":true,\"slug\":\"1-life-list-of-household-items-pl\",\"id\":1825}; if(window.DEARPDF && window.DEARPDF.parseElements){window.DEARPDF.parseElements();}<\/script>\n\n\n\n<div style=\"height:100px\" aria-hidden=\"true\" class=\"wp-block-spacer\"><\/div>\n\n\n\n<h2 class=\"wp-block-heading has-text-align-center\"><strong>Post\u0119py w zarz\u0105dzaniu \u015brodkami farmaceutycznymi zawieraj\u0105cymi rt\u0119\u0107<\/strong><\/h2>\n\n\n\n<p>W tym raporcie badamy zar\u00f3wno historyczne znaczenie, jak i obecny krajobraz regulacyjny rt\u0119ci w farmaceutykach. Raport koncentruje si\u0119 na spadku wykorzystania zwi\u0105zk\u00f3w opartych na rt\u0119ci, analizuj\u0105c konkretne studia przypadk\u00f3w produkt\u00f3w, kt\u00f3re zawiera\u0142y rt\u0119\u0107, takich jak Mercurochrome, tiomersal i zwi\u0105zki fenylort\u0119ciowe, oraz ich ostateczne usuni\u0119cie z rynku ze wzgl\u0119du na obawy dotycz\u0105ce zdrowia i \u015brodowiska.<\/p>\n\n\n<div class=\"df-element df-lite\"  data-slug=\"2-advances-in-managing-mercury-contained-pharmaceuticals-pl\" data-_slug=\"2-advances-in-managing-mercury-contained-pharmaceuticals-pl\" data-title=\"2-advances-in-managing-mercury-contained-pharmaceuticals-pl\" id=\"df_1827\" data-option=\"df_option_1827\" ><\/div><script class=\"df-shortcode-script\" type=\"application\/javascript\">window.df_option_1827 = {\"source\":\"https:\\\/\\\/e-hub.life-mercury-free.eu\\\/wp-content\\\/uploads\\\/2025\\\/01\\\/Advances-in-Managing-Mercury-Contained-Pharmaceuticals-PL.pdf\",\"viewerType\":\"flipbook\",\"is3D\":true,\"height\":\"800\",\"backgroundImage\":\"https:\\\/\\\/e-hub.life-mercury-free.eu\\\/wp-content\\\/uploads\\\/2024\\\/07\\\/image-2.png\",\"showDownloadControl\":false,\"enableSound\":true,\"slug\":\"2-advances-in-managing-mercury-contained-pharmaceuticals-pl\",\"id\":1827}; if(window.DEARPDF && window.DEARPDF.parseElements){window.DEARPDF.parseElements();}<\/script>\n\n\n\n<div style=\"height:100px\" aria-hidden=\"true\" class=\"wp-block-spacer\"><\/div>\n\n\n\n<h2 class=\"wp-block-heading has-text-align-center\"><strong>Post\u0119py w zarz\u0105dzaniu wyrobami medycznymi zawieraj\u0105cymi rt\u0119\u0107<\/strong><\/h2>\n\n\n\n<p>Niniejszy raport koncentruje si\u0119 na jednym z najcz\u0119stszych urz\u0105dze\u0144 zawieraj\u0105cych rt\u0119\u0107, amalgamatach dentystycznych, i omawia szerszy krajobraz regulacyjny oraz reakcje bran\u017cy na zarz\u0105dzanie rt\u0119ci\u0105 w urz\u0105dzeniach medycznych.<\/p>\n\n\n<div class=\"df-element df-lite\"  data-slug=\"3-advances-in-managing-mercury-contained-medical-devices-pl\" data-_slug=\"3-advances-in-managing-mercury-contained-medical-devices-pl\" data-title=\"3-advances-in-managing-mercury-contained-medical-devices-pl\" id=\"df_1829\" data-option=\"df_option_1829\" ><\/div><script class=\"df-shortcode-script\" type=\"application\/javascript\">window.df_option_1829 = {\"source\":\"https:\\\/\\\/e-hub.life-mercury-free.eu\\\/wp-content\\\/uploads\\\/2025\\\/01\\\/Advances-in-Managing-Mercury-Contained-Medical-Devices-PL.pdf\",\"viewerType\":\"flipbook\",\"is3D\":true,\"height\":\"800\",\"backgroundImage\":\"https:\\\/\\\/e-hub.life-mercury-free.eu\\\/wp-content\\\/uploads\\\/2024\\\/07\\\/image-2.png\",\"showDownloadControl\":false,\"enableSound\":true,\"slug\":\"3-advances-in-managing-mercury-contained-medical-devices-pl\",\"id\":1829}; if(window.DEARPDF && window.DEARPDF.parseElements){window.DEARPDF.parseElements();}<\/script>\n\n\n\n<div style=\"height:100px\" aria-hidden=\"true\" class=\"wp-block-spacer\"><\/div>\n\n\n\n<h2 class=\"wp-block-heading has-text-align-center\"><strong>Skutki zdrowotne nara\u017cenia na rt\u0119\u0107<\/strong><\/h2>\n\n\n\n<p>Unikalne w\u0142a\u015bciwo\u015bci fizyczne i chemiczne rt\u0119ci sprawiaj\u0105, \u017ce jest ona cenna w r\u00f3\u017cnych zastosowaniach, takich jak termometry, barometry, lampy fluorescencyjne i niekt\u00f3re procesy przemys\u0142owe. Jednak jej toksyczno\u015b\u0107 stanowi powa\u017cne zagro\u017cenie dla zdrowia i \u015brodowiska, poniewa\u017c kr\u0105\u017cy ona w ekosystemach, nie ulegaj\u0105c zniszczeniu.<\/p>\n\n\n<div class=\"df-element df-lite\"  data-slug=\"4-health-effects-of-mercury-exposure-pl\" data-_slug=\"4-health-effects-of-mercury-exposure-pl\" data-title=\"4-health-effects-of-mercury-exposure-pl\" id=\"df_1831\" data-option=\"df_option_1831\" ><\/div><script class=\"df-shortcode-script\" type=\"application\/javascript\">window.df_option_1831 = {\"source\":\"https:\\\/\\\/e-hub.life-mercury-free.eu\\\/wp-content\\\/uploads\\\/2025\\\/01\\\/Health-Effects-of-Mercury-Exposure-PL.pdf\",\"viewerType\":\"flipbook\",\"is3D\":true,\"height\":\"800\",\"backgroundImage\":\"https:\\\/\\\/e-hub.life-mercury-free.eu\\\/wp-content\\\/uploads\\\/2024\\\/07\\\/image-2.png\",\"showDownloadControl\":false,\"enableSound\":true,\"slug\":\"4-health-effects-of-mercury-exposure-pl\",\"id\":1831}; if(window.DEARPDF && window.DEARPDF.parseElements){window.DEARPDF.parseElements();}<\/script>\n\n\n\n<div style=\"height:100px\" aria-hidden=\"true\" class=\"wp-block-spacer\"><\/div>\n\n\n\n<h2 class=\"wp-block-heading has-text-align-center\"><strong>Zanieczyszczenie i ska\u017cenie rt\u0119ci\u0105<\/strong><\/h2>\n\n\n\n<p>Niniejszy dokument przedstawia g\u0142\u00f3wne aspekty zanieczyszczenia i ska\u017cenia rt\u0119ci\u0105 oraz ich skutki, a tak\u017ce podej\u015bcia niezb\u0119dne do rozwi\u0105zania tego globalnego problemu.<\/p>\n\n\n<div class=\"df-element df-lite\"  data-slug=\"5-mercury-pollution-and-contamination-pl\" data-_slug=\"5-mercury-pollution-and-contamination-pl\" data-title=\"5-mercury-pollution-and-contamination-pl\" id=\"df_1833\" data-option=\"df_option_1833\" ><\/div><script class=\"df-shortcode-script\" type=\"application\/javascript\">window.df_option_1833 = {\"source\":\"https:\\\/\\\/e-hub.life-mercury-free.eu\\\/wp-content\\\/uploads\\\/2025\\\/01\\\/Mercury-Pollution-and-Contamination_PL.pdf\",\"viewerType\":\"flipbook\",\"is3D\":true,\"height\":\"800\",\"backgroundImage\":\"https:\\\/\\\/e-hub.life-mercury-free.eu\\\/wp-content\\\/uploads\\\/2024\\\/07\\\/image-2.png\",\"showDownloadControl\":false,\"enableSound\":true,\"slug\":\"5-mercury-pollution-and-contamination-pl\",\"id\":1833}; if(window.DEARPDF && window.DEARPDF.parseElements){window.DEARPDF.parseElements();}<\/script>\n\n\n\n<div style=\"height:100px\" aria-hidden=\"true\" class=\"wp-block-spacer\"><\/div>\n","protected":false},"excerpt":{"rendered":"<p>Okr\u0105g\u0142y st\u00f3\u0142 \u201eZr\u00f3wnowa\u017cone praktyki i \u015brodki zapobiegaj\u0105ce zanieczyszczeniu sk\u0142adowisk odpadami zawieraj\u0105cymi rt\u0119\u0107\u201d w ramach projektu LIFE Mercury-FREE Okr\u0105g\u0142y st\u00f3\u0142 \u201eZr\u00f3wnowa\u017cone praktyki i \u015brodki zapobiegaj\u0105ce zanieczyszczeniu sk\u0142adowisk odpadami zawieraj\u0105cymi rt\u0119\u0107\u201d by\u0142 cz\u0119\u015bci\u0105 aktywnej fazy wsp\u00f3lnego tworzenia mapy drogowej w ramach projektu LIFE Mercury-FREE \u201eKompleksowe podnoszenie \u015bwiadomo\u015bci i zmiana zachowa\u0144 na rzecz \u015brodowiska miejskiego wolnego od rt\u0119ci\u201d&#8230; <\/p>\n<p class=\"more\"><a class=\"more-link\" href=\"https:\/\/e-hub.life-mercury-free.eu\/pl\/library\/\">Read More<\/a><\/p>\n","protected":false},"author":1,"featured_media":0,"parent":0,"menu_order":0,"comment_status":"closed","ping_status":"closed","template":"","meta":{"inline_featured_image":false,"footnotes":""},"class_list":["post-1517","page","type-page","status-publish","hentry"],"_links":{"self":[{"href":"https:\/\/e-hub.life-mercury-free.eu\/pl\/wp-json\/wp\/v2\/pages\/1517","targetHints":{"allow":["GET"]}}],"collection":[{"href":"https:\/\/e-hub.life-mercury-free.eu\/pl\/wp-json\/wp\/v2\/pages"}],"about":[{"href":"https:\/\/e-hub.life-mercury-free.eu\/pl\/wp-json\/wp\/v2\/types\/page"}],"author":[{"embeddable":true,"href":"https:\/\/e-hub.life-mercury-free.eu\/pl\/wp-json\/wp\/v2\/users\/1"}],"replies":[{"embeddable":true,"href":"https:\/\/e-hub.life-mercury-free.eu\/pl\/wp-json\/wp\/v2\/comments?post=1517"}],"version-history":[{"count":98,"href":"https:\/\/e-hub.life-mercury-free.eu\/pl\/wp-json\/wp\/v2\/pages\/1517\/revisions"}],"predecessor-version":[{"id":12705,"href":"https:\/\/e-hub.life-mercury-free.eu\/pl\/wp-json\/wp\/v2\/pages\/1517\/revisions\/12705"}],"wp:attachment":[{"href":"https:\/\/e-hub.life-mercury-free.eu\/pl\/wp-json\/wp\/v2\/media?parent=1517"}],"curies":[{"name":"wp","href":"https:\/\/api.w.org\/{rel}","templated":true}]}}