{"id":1517,"date":"2024-05-16T10:48:40","date_gmt":"2024-05-16T08:48:40","guid":{"rendered":"https:\/\/e-hub.life-mercury-free.eu\/uk\/?page_id=1517"},"modified":"2025-12-16T20:23:14","modified_gmt":"2025-12-16T18:23:14","slug":"library","status":"publish","type":"page","link":"https:\/\/e-hub.life-mercury-free.eu\/pt\/library\/","title":{"rendered":"LIBRARY En"},"content":{"rendered":"\n<h2 class=\"wp-block-heading has-text-align-center\">A mesa redonda \u201cPr\u00e1ticas e medidas sustent\u00e1veis para evitar a contamina\u00e7\u00e3o de aterros com res\u00edduos contendo merc\u00fario\u201d no \u00e2mbito do projeto LIFE Mercury-FREE<\/h2>\n\n\n\n<p class=\"has-text-align-left\">A mesa redonda \u201cPr\u00e1ticas e medidas sustent\u00e1veis para evitar a contamina\u00e7\u00e3o de aterros com res\u00edduos contendo merc\u00fario\u201d fez parte da fase ativa da cria\u00e7\u00e3o conjunta do Roteiro no \u00e2mbito do projeto LIFE Mercury-FREE \u201cComplex Awareness Raising and Behaviour Change for the Mercury-Free City Environment\u201d e teve lugar em 21-22 de setembro de 2023 na Universidade Nacional Polit\u00e9cnica de Lviv. Os parceiros do projeto Life Mercury-FREE da Universidade Nacional Polit\u00e9cnica de Lviv (LPNU) e da \u201cIvano-Frankivsk Academy of Ivan Zolotousty\u201d (IFA) organizaram este evento.<\/p>\n\n\n\n<p>Representantes de v\u00e1rias organiza\u00e7\u00f5es partilharam a sua opini\u00e3o sobre o problema da polui\u00e7\u00e3o ambiental com merc\u00fario e produtos que cont\u00eam merc\u00fario.<\/p>\n\n\n\n<p class=\"has-text-align-left\">Oradores:<\/p>\n\n\n\n<p class=\"has-text-align-left\">Oksana Viityk, Department of Ecology and Natural Resources of the Lviv Regional Military Administration;<\/p>\n\n\n\n<p class=\"has-text-align-left\">Vasyl Stryshchak, State Ecological Inspection in Lviv region;<\/p>\n\n\n\n<p class=\"has-text-align-left\">Andrii Rohulia, Educational and Methodological Center of Civil Protection and Life Safety of Lviv region;<\/p>\n\n\n\n<p class=\"has-text-align-left\">Roman Zaviyskyy, \u201cIvano-Frankivsk Academy of Ivan Zolotousty\u201d;<\/p>\n\n\n\n<p class=\"has-text-align-left\">Dmytro Fedasyuk, Lviv Polytechnic National University;<\/p>\n\n\n\n<p class=\"has-text-align-left\">Representative of the Department of Ecology and Natural Resources of the Lviv City Council;<\/p>\n\n\n\n<p class=\"has-text-align-left\">Mykhailo Didyk, Department of Emergency Situations, Civil Protection and Territorial Defense of the Lviv City Council.<\/p>\n\n\n\n<div style=\"height:100px\" aria-hidden=\"true\" class=\"wp-block-spacer\"><\/div>\n\n\n\n<figure class=\"wp-block-video aligncenter\"><video controls poster=\"https:\/\/e-hub.life-mercury-free.eu\/wp-content\/uploads\/2024\/07\/image-3.png\" src=\"https:\/\/e-hub.life-mercury-free.eu\/wp-content\/uploads\/2024\/05\/Round_table_eng.mp4\" playsinline><\/video><\/figure>\n\n\n\n<div style=\"height:160px\" aria-hidden=\"true\" class=\"wp-block-spacer\"><\/div>\n\n\n\n<h2 class=\"wp-block-heading has-text-align-center\">A utiliza\u00e7\u00e3o do merc\u00fario ao longo da hist\u00f3ria e o seu impacto na sa\u00fade humana<\/h2>\n\n\n<div class=\"df-element df-lite\"  data-slug=\"1-pt_the-use-of-mercury-throughout-history-and-its-impact-on-human-health\" data-_slug=\"1-pt_the-use-of-mercury-throughout-history-and-its-impact-on-human-health\" data-title=\"1-pt_the-use-of-mercury-throughout-history-and-its-impact-on-human-health\" id=\"df_1793\" data-option=\"df_option_1793\" ><\/div><script class=\"df-shortcode-script\" type=\"application\/javascript\">window.df_option_1793 = {\"source\":\"https:\\\/\\\/e-hub.life-mercury-free.eu\\\/wp-content\\\/uploads\\\/2025\\\/01\\\/1.-PT_The-Use-of-Mercury-Throughout-History-and-its-Impact-on-Human-Health.pdf\",\"viewerType\":\"flipbook\",\"is3D\":true,\"height\":\"800\",\"backgroundImage\":\"https:\\\/\\\/e-hub.life-mercury-free.eu\\\/wp-content\\\/uploads\\\/2024\\\/07\\\/image-2.png\",\"showDownloadControl\":false,\"enableSound\":true,\"slug\":\"1-pt_the-use-of-mercury-throughout-history-and-its-impact-on-human-health\",\"id\":1793}; if(window.DEARPDF && window.DEARPDF.parseElements){window.DEARPDF.parseElements();}<\/script>\n\n\n\n<div style=\"height:100px\" aria-hidden=\"true\" class=\"wp-block-spacer\"><\/div>\n\n\n\n<h2 class=\"wp-block-heading has-text-align-center\">Lista LIFE de artigos dom\u00e9sticos<\/h2>\n\n\n\n<p>Este documento fornece uma panor\u00e2mica abrangente dos artigos dom\u00e9sticos que cont\u00eam merc\u00fario, descrevendo em pormenor os potenciais perigos que apresentam. Destaca tamb\u00e9m pr\u00e1ticas e regulamentos espec\u00edficos na Europa, com especial destaque para as iniciativas levadas a cabo por Portugal, Ucr\u00e2nia, It\u00e1lia e Pol\u00f3nia<\/p>\n\n\n<div class=\"df-element df-lite\"  data-slug=\"2-pt_life-list-of-household-items\" data-_slug=\"2-pt_life-list-of-household-items\" data-title=\"2-pt_life-list-of-household-items\" id=\"df_1795\" data-option=\"df_option_1795\" ><\/div><script class=\"df-shortcode-script\" type=\"application\/javascript\">window.df_option_1795 = {\"source\":\"https:\\\/\\\/e-hub.life-mercury-free.eu\\\/wp-content\\\/uploads\\\/2025\\\/01\\\/2.-PT_LIFE-list-of-household-items.pdf\",\"viewerType\":\"flipbook\",\"is3D\":true,\"height\":\"800\",\"backgroundImage\":\"https:\\\/\\\/e-hub.life-mercury-free.eu\\\/wp-content\\\/uploads\\\/2024\\\/07\\\/image-2.png\",\"showDownloadControl\":false,\"enableSound\":true,\"slug\":\"2-pt_life-list-of-household-items\",\"id\":1795}; if(window.DEARPDF && window.DEARPDF.parseElements){window.DEARPDF.parseElements();}<\/script>\n\n\n\n<div style=\"height:100px\" aria-hidden=\"true\" class=\"wp-block-spacer\"><\/div>\n\n\n\n<h2 class=\"wp-block-heading has-text-align-center\">Avan\u00e7os na Gest\u00e3o de Produtos Farmac\u00eauticos com Merc\u00fario<\/h2>\n\n\n\n<p>Neste relat\u00f3rio, exploramos tanto o significado hist\u00f3rico como o atual panorama regulamentar do merc\u00fario nos produtos farmac\u00eauticos. O relat\u00f3rio centra-se no decl\u00ednio da utiliza\u00e7\u00e3o de compostos \u00e0 base de merc\u00fario, examinando estudos de casos espec\u00edficos de produtos que continham merc\u00fario, como o mercurocromo, o timerosal e os compostos fenilmerc\u00faricos, e a sua eventual remo\u00e7\u00e3o do mercado devido a preocupa\u00e7\u00f5es com a sa\u00fade e o ambiente.<\/p>\n\n\n<div class=\"df-element df-lite\"  data-slug=\"3-pt_advances-in-managing-mercury-contained-pharmaceuticals\" data-_slug=\"3-pt_advances-in-managing-mercury-contained-pharmaceuticals\" data-title=\"3-pt_advances-in-managing-mercury-contained-pharmaceuticals\" id=\"df_1797\" data-option=\"df_option_1797\" ><\/div><script class=\"df-shortcode-script\" type=\"application\/javascript\">window.df_option_1797 = {\"source\":\"https:\\\/\\\/e-hub.life-mercury-free.eu\\\/wp-content\\\/uploads\\\/2025\\\/01\\\/3.-PT_Advances-in-Managing-Mercury-Contained-Pharmaceuticals.pdf\",\"viewerType\":\"flipbook\",\"is3D\":true,\"height\":\"800\",\"backgroundImage\":\"https:\\\/\\\/e-hub.life-mercury-free.eu\\\/wp-content\\\/uploads\\\/2024\\\/07\\\/image-2.png\",\"showDownloadControl\":false,\"enableSound\":true,\"slug\":\"3-pt_advances-in-managing-mercury-contained-pharmaceuticals\",\"id\":1797}; if(window.DEARPDF && window.DEARPDF.parseElements){window.DEARPDF.parseElements();}<\/script>\n\n\n\n<div style=\"height:100px\" aria-hidden=\"true\" class=\"wp-block-spacer\"><\/div>\n\n\n\n<h2 class=\"wp-block-heading has-text-align-center\">Avan\u00e7os na Gest\u00e3o de Dispositivos M\u00e9dicos com Merc\u00fario<\/h2>\n\n\n\n<p>Este relat\u00f3rio centra-se num dos dispositivos mais comuns que cont\u00eam merc\u00fario, as am\u00e1lgamas dent\u00e1rias, e discute o panorama regulamentar mais alargado e as respostas da ind\u00fastria para gerir o merc\u00fario nos dispositivos m\u00e9dicos.<\/p>\n\n\n<div class=\"df-element df-lite\"  data-slug=\"4-pt_advances-in-managing-mercury-contained-medical-devices\" data-_slug=\"4-pt_advances-in-managing-mercury-contained-medical-devices\" data-title=\"4-pt_advances-in-managing-mercury-contained-medical-devices\" id=\"df_1799\" data-option=\"df_option_1799\" ><\/div><script class=\"df-shortcode-script\" type=\"application\/javascript\">window.df_option_1799 = {\"source\":\"https:\\\/\\\/e-hub.life-mercury-free.eu\\\/wp-content\\\/uploads\\\/2025\\\/01\\\/4.-PT_Advances-in-Managing-Mercury-Contained-Medical-Devices.pdf\",\"viewerType\":\"flipbook\",\"is3D\":true,\"height\":\"800\",\"backgroundImage\":\"https:\\\/\\\/e-hub.life-mercury-free.eu\\\/wp-content\\\/uploads\\\/2024\\\/07\\\/image-2.png\",\"showDownloadControl\":false,\"enableSound\":true,\"slug\":\"4-pt_advances-in-managing-mercury-contained-medical-devices\",\"id\":1799}; if(window.DEARPDF && window.DEARPDF.parseElements){window.DEARPDF.parseElements();}<\/script>\n\n\n\n<div style=\"height:100px\" aria-hidden=\"true\" class=\"wp-block-spacer\"><\/div>\n\n\n\n<h2 class=\"wp-block-heading has-text-align-center\">Efeitos da exposi\u00e7\u00e3o ao merc\u00fario na sa\u00fade<\/h2>\n\n\n\n<p>As propriedades f\u00edsicas e qu\u00edmicas \u00fanicas do merc\u00fario tornam-no valioso em v\u00e1rias aplica\u00e7\u00f5es, como term\u00f3metros, bar\u00f3metros, l\u00e2mpadas fluorescentes e determinados processos industriais. No entanto, a sua toxicidade apresenta riscos significativos para a sa\u00fade e o ambiente, uma vez que circula pelos ecossistemas sem ser destru\u00eddo.<\/p>\n\n\n<div class=\"df-element df-lite\"  data-slug=\"5-pt_health-effects-of-mercury-exposure\" data-_slug=\"5-pt_health-effects-of-mercury-exposure\" data-title=\"5-pt_health-effects-of-mercury-exposure\" id=\"df_1801\" data-option=\"df_option_1801\" ><\/div><script class=\"df-shortcode-script\" type=\"application\/javascript\">window.df_option_1801 = {\"source\":\"https:\\\/\\\/e-hub.life-mercury-free.eu\\\/wp-content\\\/uploads\\\/2025\\\/01\\\/5.-PT_Health-Effects-of-Mercury-Exposure.pdf\",\"viewerType\":\"flipbook\",\"is3D\":true,\"height\":\"800\",\"backgroundImage\":\"https:\\\/\\\/e-hub.life-mercury-free.eu\\\/wp-content\\\/uploads\\\/2024\\\/07\\\/image-2.png\",\"showDownloadControl\":false,\"enableSound\":true,\"slug\":\"5-pt_health-effects-of-mercury-exposure\",\"id\":1801}; if(window.DEARPDF && window.DEARPDF.parseElements){window.DEARPDF.parseElements();}<\/script>\n","protected":false},"excerpt":{"rendered":"<p>A mesa redonda \u201cPr\u00e1ticas e medidas sustent\u00e1veis para evitar a contamina\u00e7\u00e3o de aterros com res\u00edduos contendo merc\u00fario\u201d no \u00e2mbito do projeto LIFE Mercury-FREE A mesa redonda \u201cPr\u00e1ticas e medidas sustent\u00e1veis para evitar a contamina\u00e7\u00e3o de aterros com res\u00edduos contendo merc\u00fario\u201d fez parte da fase ativa da cria\u00e7\u00e3o conjunta do Roteiro no \u00e2mbito do projeto LIFE&#8230; <\/p>\n<p class=\"more\"><a class=\"more-link\" href=\"https:\/\/e-hub.life-mercury-free.eu\/pt\/library\/\">Read More<\/a><\/p>\n","protected":false},"author":1,"featured_media":0,"parent":0,"menu_order":0,"comment_status":"closed","ping_status":"closed","template":"","meta":{"inline_featured_image":false,"footnotes":""},"class_list":["post-1517","page","type-page","status-publish","hentry"],"_links":{"self":[{"href":"https:\/\/e-hub.life-mercury-free.eu\/pt\/wp-json\/wp\/v2\/pages\/1517","targetHints":{"allow":["GET"]}}],"collection":[{"href":"https:\/\/e-hub.life-mercury-free.eu\/pt\/wp-json\/wp\/v2\/pages"}],"about":[{"href":"https:\/\/e-hub.life-mercury-free.eu\/pt\/wp-json\/wp\/v2\/types\/page"}],"author":[{"embeddable":true,"href":"https:\/\/e-hub.life-mercury-free.eu\/pt\/wp-json\/wp\/v2\/users\/1"}],"replies":[{"embeddable":true,"href":"https:\/\/e-hub.life-mercury-free.eu\/pt\/wp-json\/wp\/v2\/comments?post=1517"}],"version-history":[{"count":98,"href":"https:\/\/e-hub.life-mercury-free.eu\/pt\/wp-json\/wp\/v2\/pages\/1517\/revisions"}],"predecessor-version":[{"id":12705,"href":"https:\/\/e-hub.life-mercury-free.eu\/pt\/wp-json\/wp\/v2\/pages\/1517\/revisions\/12705"}],"wp:attachment":[{"href":"https:\/\/e-hub.life-mercury-free.eu\/pt\/wp-json\/wp\/v2\/media?parent=1517"}],"curies":[{"name":"wp","href":"https:\/\/api.w.org\/{rel}","templated":true}]}}